{"id":86,"date":"2020-08-23T16:36:13","date_gmt":"2020-08-23T16:36:13","guid":{"rendered":"https:\/\/www.singthebible.com\/?page_id=86"},"modified":"2020-08-23T16:40:53","modified_gmt":"2020-08-23T16:40:53","slug":"composition","status":"publish","type":"page","link":"https:\/\/singdiebibel.ch\/fr\/service\/composition\/","title":{"rendered":"Compos\u00e9 sur demande"},"content":{"rendered":"\n<div class=\"wp-block-image\"><figure class=\"alignright size-large\"><img loading=\"lazy\" decoding=\"async\" width=\"250\" height=\"167\" src=\"https:\/\/www.singthebible.com\/wp-content\/uploads\/2020\/08\/csm_150002_96fcfe820a.jpg\" alt=\"\" class=\"wp-image-87\"\/><\/figure><\/div>\n\n\n\n<p>Nous pouvons mettre en musique les versets bibliques de votre choix, \u00e0 l\u2019occasion d\u2019un \u00e9v\u00e9nement particulier comme par exemple la cons\u00e9cration d\u2019un enfant, un bapt\u00eame, un mariage, un anniversaire, un enterrement, un culte dominical, une f\u00eate de famille, ou, tout simplement, pour vous!<br>Nous sommes \u00e9galement dispos\u00e9s \u00e0 nous rendre chez vous ou \u00e0 un \u00e9v\u00e9nement particulier pour interpr\u00e9ter ces versets et\/ou vous envoyer un fichier audio ou un CD, rien que pour vous!<\/p>\n","protected":false},"excerpt":{"rendered":"<p>Nous pouvons mettre en musique les versets bibliques de votre choix, \u00e0 l\u2019occasion d\u2019un \u00e9v\u00e9nement particulier comme par exemple la cons\u00e9cration d\u2019un enfant, un bapt\u00eame, un mariage, un anniversaire, un enterrement, un culte dominical, une f\u00eate de famille, ou, tout simplement, pour vous!Nous sommes \u00e9galement dispos\u00e9s \u00e0 nous rendre chez vous ou \u00e0 un \u00e9v\u00e9nement&#8230;  <a class=\"excerpt-read-more\" href=\"https:\/\/singdiebibel.ch\/fr\/service\/composition\/\" title=\"LireCompos\u00e9 sur demande\">Lire la suite &raquo;<\/a><\/p>\n","protected":false},"author":1,"featured_media":0,"parent":68,"menu_order":2,"comment_status":"closed","ping_status":"closed","template":"","meta":{"footnotes":""},"_links":{"self":[{"href":"https:\/\/singdiebibel.ch\/fr\/wp-json\/wp\/v2\/pages\/86"}],"collection":[{"href":"https:\/\/singdiebibel.ch\/fr\/wp-json\/wp\/v2\/pages"}],"about":[{"href":"https:\/\/singdiebibel.ch\/fr\/wp-json\/wp\/v2\/types\/page"}],"author":[{"embeddable":true,"href":"https:\/\/singdiebibel.ch\/fr\/wp-json\/wp\/v2\/users\/1"}],"replies":[{"embeddable":true,"href":"https:\/\/singdiebibel.ch\/fr\/wp-json\/wp\/v2\/comments?post=86"}],"version-history":[{"count":3,"href":"https:\/\/singdiebibel.ch\/fr\/wp-json\/wp\/v2\/pages\/86\/revisions"}],"predecessor-version":[{"id":90,"href":"https:\/\/singdiebibel.ch\/fr\/wp-json\/wp\/v2\/pages\/86\/revisions\/90"}],"up":[{"embeddable":true,"href":"https:\/\/singdiebibel.ch\/fr\/wp-json\/wp\/v2\/pages\/68"}],"wp:attachment":[{"href":"https:\/\/singdiebibel.ch\/fr\/wp-json\/wp\/v2\/media?parent=86"}],"curies":[{"name":"wp","href":"https:\/\/api.w.org\/{rel}","templated":true}]}}