{"id":68,"date":"2020-08-23T16:23:29","date_gmt":"2020-08-23T16:23:29","guid":{"rendered":"https:\/\/www.singthebible.com\/?page_id=68"},"modified":"2022-09-22T19:53:50","modified_gmt":"2022-09-22T19:53:50","slug":"service","status":"publish","type":"page","link":"https:\/\/singdiebibel.ch\/fr\/service\/","title":{"rendered":"Services"},"content":{"rendered":"<div class=\"wp-block-image\">\n<figure class=\"alignright size-large\"><img loading=\"lazy\" decoding=\"async\" width=\"250\" height=\"157\" src=\"https:\/\/www.singthebible.com\/wp-content\/uploads\/2020\/08\/csm_735050_02_2c5e132225.jpg\" alt=\"\" class=\"wp-image-71\"\/><\/figure><\/div>\n\n\n<p>Nous pouvons vous servir de diff\u00e9rentes fa\u00e7ons dans les domaines de la composition et de la pr\u00e9sentation :<\/p>\n\n\n\n<ul class=\"unordered-list\"><li>Donner des&nbsp;<a href=\"\/fr\/service\/courses\/\">cours<\/a>&nbsp;sp\u00e9ciaux pour apprendre \u00e0 mettre un verset de la Bible en musique.<\/li><li>Fournir une&nbsp;<a href=\"\/fr\/service\/composition\/\">composition de votre verset biblique pr\u00e9f\u00e9r\u00e9<\/a>&nbsp;dans votre style de musique pr\u00e9f\u00e9r\u00e9<\/li><li>Jouer et chanter pour vous lors d\u2019une occasion sp\u00e9ciale ou lors d\u2019un culte<\/li><\/ul>\n\n\n\n<p>Cliquez simplement sur le lien \u00abcontact\u00bb ci-dessous.<\/p>\n","protected":false},"excerpt":{"rendered":"<p>Nous pouvons vous servir de diff\u00e9rentes fa\u00e7ons dans les domaines de la composition et de la pr\u00e9sentation : Donner des&nbsp;cours&nbsp;sp\u00e9ciaux pour apprendre \u00e0 mettre un verset de la Bible en musique. Fournir une&nbsp;composition de votre verset biblique pr\u00e9f\u00e9r\u00e9&nbsp;dans votre style de musique pr\u00e9f\u00e9r\u00e9 Jouer et chanter pour vous lors d\u2019une occasion sp\u00e9ciale ou lors d\u2019un&#8230;  <a class=\"excerpt-read-more\" href=\"https:\/\/singdiebibel.ch\/fr\/service\/\" title=\"LireServices\">Lire la suite &raquo;<\/a><\/p>\n","protected":false},"author":1,"featured_media":0,"parent":0,"menu_order":50,"comment_status":"closed","ping_status":"closed","template":"","meta":{"footnotes":""},"_links":{"self":[{"href":"https:\/\/singdiebibel.ch\/fr\/wp-json\/wp\/v2\/pages\/68"}],"collection":[{"href":"https:\/\/singdiebibel.ch\/fr\/wp-json\/wp\/v2\/pages"}],"about":[{"href":"https:\/\/singdiebibel.ch\/fr\/wp-json\/wp\/v2\/types\/page"}],"author":[{"embeddable":true,"href":"https:\/\/singdiebibel.ch\/fr\/wp-json\/wp\/v2\/users\/1"}],"replies":[{"embeddable":true,"href":"https:\/\/singdiebibel.ch\/fr\/wp-json\/wp\/v2\/comments?post=68"}],"version-history":[{"count":13,"href":"https:\/\/singdiebibel.ch\/fr\/wp-json\/wp\/v2\/pages\/68\/revisions"}],"predecessor-version":[{"id":430,"href":"https:\/\/singdiebibel.ch\/fr\/wp-json\/wp\/v2\/pages\/68\/revisions\/430"}],"wp:attachment":[{"href":"https:\/\/singdiebibel.ch\/fr\/wp-json\/wp\/v2\/media?parent=68"}],"curies":[{"name":"wp","href":"https:\/\/api.w.org\/{rel}","templated":true}]}}