{"id":52,"date":"2020-08-23T15:53:42","date_gmt":"2020-08-23T15:53:42","guid":{"rendered":"https:\/\/www.singthebible.com\/?page_id=52"},"modified":"2020-08-23T16:03:34","modified_gmt":"2020-08-23T16:03:34","slug":"psalm-23","status":"publish","type":"page","link":"https:\/\/singdiebibel.ch\/fr\/hdav\/psalm-23\/","title":{"rendered":"Les versets de la Bible en haute d\u00e9finition audio\/vid\u00e9o"},"content":{"rendered":"\n<p>Qu\u2019est-ce que le HDAV? Dans le pass\u00e9, on aurait appel\u00e9 cela une pr\u00e9sentation diapos ou multim\u00e9dia. La haute d\u00e9finition audio\/vid\u00e9o est une pr\u00e9sentation visuelle et sonore offrant de multiples possibilit\u00e9s. Une pr\u00e9sentation HDAV produite de mani\u00e8re professionnelle est l\u2019une des mani\u00e8res les plus efficaces de v\u00e9hiculer une composition \u00ab\u00a0Chante la Bible\u00a0\u00bb.<\/p>\n\n\n\n<h2 class=\"wp-block-heading\">Psalm 23<\/h2>\n\n\n\n<figure class=\"wp-block-video\"><video controls src=\"https:\/\/www.singthebible.com\/wp-content\/uploads\/2020\/08\/Psalm_23.mp4\"><\/video><\/figure>\n","protected":false},"excerpt":{"rendered":"<p>Qu\u2019est-ce que le HDAV? Dans le pass\u00e9, on aurait appel\u00e9 cela une pr\u00e9sentation diapos ou multim\u00e9dia. La haute d\u00e9finition audio\/vid\u00e9o est une pr\u00e9sentation visuelle et sonore offrant de multiples possibilit\u00e9s. Une pr\u00e9sentation HDAV produite de mani\u00e8re professionnelle est l\u2019une des mani\u00e8res les plus efficaces de v\u00e9hiculer une composition \u00ab\u00a0Chante la Bible\u00a0\u00bb. Psalm 23<\/p>\n","protected":false},"author":1,"featured_media":0,"parent":46,"menu_order":0,"comment_status":"closed","ping_status":"closed","template":"","meta":{"footnotes":""},"_links":{"self":[{"href":"https:\/\/singdiebibel.ch\/fr\/wp-json\/wp\/v2\/pages\/52"}],"collection":[{"href":"https:\/\/singdiebibel.ch\/fr\/wp-json\/wp\/v2\/pages"}],"about":[{"href":"https:\/\/singdiebibel.ch\/fr\/wp-json\/wp\/v2\/types\/page"}],"author":[{"embeddable":true,"href":"https:\/\/singdiebibel.ch\/fr\/wp-json\/wp\/v2\/users\/1"}],"replies":[{"embeddable":true,"href":"https:\/\/singdiebibel.ch\/fr\/wp-json\/wp\/v2\/comments?post=52"}],"version-history":[{"count":3,"href":"https:\/\/singdiebibel.ch\/fr\/wp-json\/wp\/v2\/pages\/52\/revisions"}],"predecessor-version":[{"id":56,"href":"https:\/\/singdiebibel.ch\/fr\/wp-json\/wp\/v2\/pages\/52\/revisions\/56"}],"up":[{"embeddable":true,"href":"https:\/\/singdiebibel.ch\/fr\/wp-json\/wp\/v2\/pages\/46"}],"wp:attachment":[{"href":"https:\/\/singdiebibel.ch\/fr\/wp-json\/wp\/v2\/media?parent=52"}],"curies":[{"name":"wp","href":"https:\/\/api.w.org\/{rel}","templated":true}]}}