{"id":40,"date":"2020-08-23T15:32:05","date_gmt":"2020-08-23T15:32:05","guid":{"rendered":"https:\/\/www.singthebible.com\/en\/?page_id=40"},"modified":"2020-08-23T20:36:29","modified_gmt":"2020-08-23T20:36:29","slug":"feedback","status":"publish","type":"page","link":"https:\/\/singdiebibel.ch\/fr\/feedback\/","title":{"rendered":"R\u00e9actions des auditeurs"},"content":{"rendered":"\n<h2 class=\"wp-block-heading\">L&rsquo;\u00c9ternel agira en ma faveur<\/h2>\n\n\n\n<p>\u00abSamedi j\u2019\u00e9tais accabl\u00e9 par une lourde responsabilit\u00e9 \u00e0 laquelle j\u2019avais d\u00e9j\u00e0 longuement r\u00e9fl\u00e9chi. Il me semblait qu\u2019il allait falloir que j\u2019aie du courage lors de l\u2019entretien que j\u2019allais avoir avec mon patron. Le Seigneur me le confirma par la suite au travers des versets de la Bible qui r\u00e9sonnaient \u00e0 mes oreilles. Ces versets me venaient \u00e0 l\u2019esprit sans que je m\u2019en rende compte, car je portais en moi la m\u00e9lodie&nbsp;\u00ab&nbsp;L\u2019Eternel agira en ma faveur&nbsp;\u00bb (Psaume 138&nbsp;:7-8). Les paroles \u00ab&nbsp;il AGIRA en ma faveur&nbsp;\u00bb me revenaient encore et encore \u00e0 l\u2019esprit, et lorsque j\u2019en devins conscient, je r\u00e9alisai que le Seigneur serait pr\u00e9sent lors de cet entretien et qu\u2019il me soutiendrait. Cet entretien n\u2019a pas encore eu lieu, mais je suis maintenant plein de confiance. Gloire \u00e0 Dieu.\u00bb<\/p>\n\n\n\n<p>S.D. de Munich&nbsp;<\/p>\n\n\n\n<h2 class=\"wp-block-heading\">Je ne te d\u00e9laisserai point, et je ne t&rsquo;abandonnerai point<\/h2>\n\n\n\n<p>\u00abEn d\u00e9but d\u2019ann\u00e9e, j\u2019ai re\u00e7u la parole suivante pour l\u2019ann\u00e9e \u00e0 venir&nbsp;: \u00ab&nbsp;Je ne te d\u00e9laisserai point, et je ne t&rsquo;abandonnerai point.&nbsp;\u00bb J\u2019ai \u00e9galement entendu ce texte mis en musique et chant\u00e9. Ceci m\u2019a \u00e9norm\u00e9ment encourag\u00e9 et r\u00e9confort\u00e9. Les paroles p\u00e9n\u00e9tr\u00e8rent profond\u00e9ment dans mon c\u0153ur. Je pleurais parfois, car j\u2019avais travers\u00e9 des difficult\u00e9s et j\u2019\u00e9tais conscient d\u2019avoir intens\u00e9ment besoin de Dieu face \u00e0 celles-ci.<\/p>\n\n\n\n<p>Quelques semaines plus tard j\u2019ai demand\u00e9 \u00e0 l\u2019\u00e9quipe \u00ab&nbsp;Chante la Bible&nbsp;\u00bb de mettre en musique mon verset pr\u00e9f\u00e9r\u00e9 \u00e0 l\u2019occasion de mon anniversaire de mariage. Le texte \u00e9tait tr\u00e8s court et l\u2019\u00e9quipe se sentit inspir\u00e9e pour \u00e9crire un chant qui contenait \u00e9galement d\u2019autres textes bibliques, par exemple celui de Romains 8&nbsp;: \u00ab&nbsp;qui me condamnera&nbsp;? \u00bb En chantant ces textes, j\u2019avais les larmes aux yeux \u2013 pourtant je ne suis pas une personne qui pleure facilement. Ces textes que je portais dans ma t\u00eate ne parvenaient pas \u00e0 atteindre mon c\u0153ur. Neuf mois plus tard, le Seigneur me parla de nouveau et m\u2019apporta beaucoup de r\u00e9confort gr\u00e2ce \u00e0 une s\u00e9rie intitul\u00e9e \u00ab&nbsp;Parole et Son&nbsp;\u00bb. Que voulait me dire le Seigneur&nbsp;? J\u2019avais de nouveau \u00e9chou\u00e9 et il m\u2019\u00e9tait tr\u00e8s difficile de me pardonner. Je mis enfin le CD de mon anniversaire de mariage dans le lecteur et permis au texte de la Bible de chanter de nouveau \u00e0 mon c\u0153ur&nbsp;: \u00ab&nbsp;Qui me condamnera&nbsp;? \u00bb &nbsp;En assimilant ces promesses au fond de mon c\u0153ur, les larmes coul\u00e8rent \u00e0 nouveau et le poids que je portais sur les \u00e9paules fut enlev\u00e9. Je sentis le soutien de Dieu&nbsp;: \u00ab&nbsp;Qui accusera les \u00e9lus de Dieu? C&rsquo;est Dieu qui justifie!&nbsp;\u00bb Dieu me r\u00e9conforta et m\u2019encouragea de cette nouvelle mani\u00e8re. Ses paroles qui me furent chant\u00e9es ouvrirent un torrent de reconnaissance et de confiance en moi et je sentis litt\u00e9ralement son soutien. \u00ab&nbsp;Je ne te d\u00e9laisserai point, et je ne t&rsquo;abandonnerai point.\u00bb<\/p>\n\n\n\n<p>B.B. de Burgdorf&nbsp;<\/p>\n\n\n\n<h2 class=\"wp-block-heading\">Paix int\u00e9rieure et esp\u00e9rance de vie<\/h2>\n\n\n\n<p>\u00abLe fait d\u2019\u00e9couter les versets de la Bible en musique m\u2019a fait vivre une exp\u00e9rience incroyable cette ann\u00e9e. J\u2019avais \u00e9t\u00e9 compl\u00e8tement d\u00e9truit par un divorce et j\u2019\u00e9coutais en boucle les deux CDs du coffret \u00ab107 Bibleverse\u00bb. C\u2019\u00e9tait tellement encourageant. Je pouvais exp\u00e9rimenter ces versets de la Bible qui me r\u00e9confort\u00e8rent et m\u2019apport\u00e8rent une paix int\u00e9rieure et une nouvelle esp\u00e9rance de vie. Dieu m\u2019apparut dans tout son amour et dans toute sa gr\u00e2ce. Que cette \u0153uvre b\u00e9nisse encore de nombreuses personnes. J\u2019ai d\u00e9j\u00e0 achet\u00e9 quelques autres CDs et me r\u00e9jouis de les offrir en cadeau.\u00bb<\/p>\n\n\n\n<p>F.H. de F\u00e4llenden<\/p>\n\n\n\n<h2 class=\"wp-block-heading\">L\u2019\u00e9tat \u00e9motionnel et la cons\u00e9cration de Paul ont pris vie<\/h2>\n\n\n\n<p>\u00ab&nbsp;Ce fut une v\u00e9ritable surprise&nbsp;! J\u2019avais d\u00e9j\u00e0 entendu plusieurs fois l\u2019\u00e9p\u00eetre aux Galates et suis \u00e9merveill\u00e9 de ce que vous avez r\u00e9ussi \u00e0 faire&nbsp;: vous p\u00e9n\u00e9trez profond\u00e9ment dans le texte, trouvez la musique, puis vous la jouez et la chantez simultan\u00e9ment. Ceci facilite r\u00e9ellement l\u2019\u00e9coute d\u2019un texte. L\u2019on pr\u00eate tellement plus attention \u00e0 chaque mot, alors que nous passons habituellement \u00e0 c\u00f4t\u00e9 de tant de d\u00e9tails. Ce qui m\u2019\u00e9merveilla le plus fut la mani\u00e8re dont l\u2019\u00e9tat \u00e9motionnel de Paul et sa cons\u00e9cration ont pris vie. Bien s\u00fbr, ce type de musique ne satisfait pas tout le monde, mais en ce qui me concerne, cette musique me convient. Merci tellement!<\/p>\n\n\n\n<p>K.M. de Buchen<\/p>\n\n\n\n<h2 class=\"wp-block-heading\">La Parole de Dieu charg\u00e9e \u00e0 bloc<\/h2>\n\n\n\n<p>\u00ab&nbsp;J\u2019ai \u00e9cout\u00e9 ce CD de versets de la Bible des quantit\u00e9s de fois. Il m\u2019apporte un tel encouragement, sans compter la joie musicale qu\u2019il procure. Ce n\u2019est que lorsqu\u2019on est en phase avec la parole de Dieu ainsi charg\u00e9e \u00e0 bloc que l\u2019on peut r\u00e9aliser \u00e0 quel point elle a un effet fortifiant et encourageant.&nbsp;\u00bb<\/p>\n\n\n\n<p>S.D. de Munich<\/p>\n","protected":false},"excerpt":{"rendered":"<p>L&rsquo;\u00c9ternel agira en ma faveur \u00abSamedi j\u2019\u00e9tais accabl\u00e9 par une lourde responsabilit\u00e9 \u00e0 laquelle j\u2019avais d\u00e9j\u00e0 longuement r\u00e9fl\u00e9chi. Il me semblait qu\u2019il allait falloir que j\u2019aie du courage lors de l\u2019entretien que j\u2019allais avoir avec mon patron. Le Seigneur me le confirma par la suite au travers des versets de la Bible qui r\u00e9sonnaient \u00e0&#8230;  <a class=\"excerpt-read-more\" href=\"https:\/\/singdiebibel.ch\/fr\/feedback\/\" title=\"LireR\u00e9actions des auditeurs\">Lire la suite &raquo;<\/a><\/p>\n","protected":false},"author":1,"featured_media":0,"parent":0,"menu_order":60,"comment_status":"closed","ping_status":"closed","template":"","meta":{"footnotes":""},"_links":{"self":[{"href":"https:\/\/singdiebibel.ch\/fr\/wp-json\/wp\/v2\/pages\/40"}],"collection":[{"href":"https:\/\/singdiebibel.ch\/fr\/wp-json\/wp\/v2\/pages"}],"about":[{"href":"https:\/\/singdiebibel.ch\/fr\/wp-json\/wp\/v2\/types\/page"}],"author":[{"embeddable":true,"href":"https:\/\/singdiebibel.ch\/fr\/wp-json\/wp\/v2\/users\/1"}],"replies":[{"embeddable":true,"href":"https:\/\/singdiebibel.ch\/fr\/wp-json\/wp\/v2\/comments?post=40"}],"version-history":[{"count":6,"href":"https:\/\/singdiebibel.ch\/fr\/wp-json\/wp\/v2\/pages\/40\/revisions"}],"predecessor-version":[{"id":151,"href":"https:\/\/singdiebibel.ch\/fr\/wp-json\/wp\/v2\/pages\/40\/revisions\/151"}],"wp:attachment":[{"href":"https:\/\/singdiebibel.ch\/fr\/wp-json\/wp\/v2\/media?parent=40"}],"curies":[{"name":"wp","href":"https:\/\/api.w.org\/{rel}","templated":true}]}}