{"id":28,"date":"2020-08-23T15:10:25","date_gmt":"2020-08-23T15:10:25","guid":{"rendered":"https:\/\/www.singthebible.com\/en\/?page_id=28"},"modified":"2020-08-23T16:44:56","modified_gmt":"2020-08-23T16:44:56","slug":"imprint","status":"publish","type":"page","link":"https:\/\/singdiebibel.ch\/fr\/imprint\/","title":{"rendered":"Mentions l\u00e9gales"},"content":{"rendered":"\n<div class=\"wp-block-image\"><figure class=\"alignleft size-large\"><img loading=\"lazy\" decoding=\"async\" width=\"180\" height=\"270\" src=\"https:\/\/www.singthebible.com\/wp-content\/uploads\/2020\/08\/csm_855068_01_d5b8013f67.jpg\" alt=\"\" class=\"wp-image-29\"\/><\/figure><\/div>\n\n\n\n<p><strong><strong>Titulaire de<\/strong><br><\/strong>STB Verlag<br>Charles Jann<br>Schulhausmatte 5<br>3415 Hasle-R\u00fcegsau<br>Tel: 034 461 64 12<\/p>\n\n\n\n<p><strong>Indications juridiques g\u00e9n\u00e9rales<br><\/strong>Copyright \u00a9 2007 &#8211; 2020 \u00e9ditions STB. Toute musique, toute partition, tout texte, tout film ou tout logo publi\u00e9(e) sur le site web \u201eSing the bible\u201c (nom de domaine) ne peut \u00eatre ni copi\u00e9(e), ni imprim\u00e9(e), ni photographi\u00e9(e), ni utilis\u00e9(e) d\u2019aucune fa\u00e7on que ce soit, ni v\u00e9hicul\u00e9e par voie \u00e9lectronique ou par lien URL, ni reproduit(e) ni modifi\u00e9(e) par quel que moyen que ce soit. Le design est prot\u00e9g\u00e9 par l\u2019auteur. Merci de contacter l\u2019auteur pour toute utilisation de musique, de partitions, d\u2019images ou de textes.<\/p>\n\n\n\n<p>La permission d\u2019utilisation est accord\u00e9e uniquement \u00e0 la personne physique et\/ou morale ayant conclu le contrat d\u2019utilisation. Toute personne physique ou morale abusant de ces \u0153uvres se rend coupable de violation de droits d\u2019auteur. Les conditions d\u2019usage des cr\u00e9ations \u00ab&nbsp;Sing the Bible&nbsp;\u00bb sont d\u00e9cisives.<\/p>\n\n\n\n<p>Les liens URLs menant \u00e0 des sites tiers contribuent uniquement \u00e0 rendre service \u00e0 l\u2019internaute. Les auteurs du site web \u00ab&nbsp;Sing the Bible&nbsp;\u00bb ne peuvent aucunement \u00eatre tenus pour responsables ou garants du contenu, de l\u2019int\u00e9grit\u00e9 ou de la r\u00e9alisation des dits sites.<\/p>\n\n\n\n<p>Tout logo, tout nom de produit ou tout descriptif de produit sont des marques d\u00e9pos\u00e9es et sont la propri\u00e9t\u00e9 de leur auteur.<\/p>\n","protected":false},"excerpt":{"rendered":"<p>Titulaire deSTB VerlagCharles JannSchulhausmatte 53415 Hasle-R\u00fcegsauTel: 034 461 64 12 Indications juridiques g\u00e9n\u00e9ralesCopyright \u00a9 2007 &#8211; 2020 \u00e9ditions STB. Toute musique, toute partition, tout texte, tout film ou tout logo publi\u00e9(e) sur le site web \u201eSing the bible\u201c (nom de domaine) ne peut \u00eatre ni copi\u00e9(e), ni imprim\u00e9(e), ni photographi\u00e9(e), ni utilis\u00e9(e) d\u2019aucune fa\u00e7on que&#8230;  <a class=\"excerpt-read-more\" href=\"https:\/\/singdiebibel.ch\/fr\/imprint\/\" title=\"LireMentions l\u00e9gales\">Lire la suite &raquo;<\/a><\/p>\n","protected":false},"author":1,"featured_media":0,"parent":0,"menu_order":115,"comment_status":"closed","ping_status":"closed","template":"","meta":{"footnotes":""},"_links":{"self":[{"href":"https:\/\/singdiebibel.ch\/fr\/wp-json\/wp\/v2\/pages\/28"}],"collection":[{"href":"https:\/\/singdiebibel.ch\/fr\/wp-json\/wp\/v2\/pages"}],"about":[{"href":"https:\/\/singdiebibel.ch\/fr\/wp-json\/wp\/v2\/types\/page"}],"author":[{"embeddable":true,"href":"https:\/\/singdiebibel.ch\/fr\/wp-json\/wp\/v2\/users\/1"}],"replies":[{"embeddable":true,"href":"https:\/\/singdiebibel.ch\/fr\/wp-json\/wp\/v2\/comments?post=28"}],"version-history":[{"count":5,"href":"https:\/\/singdiebibel.ch\/fr\/wp-json\/wp\/v2\/pages\/28\/revisions"}],"predecessor-version":[{"id":95,"href":"https:\/\/singdiebibel.ch\/fr\/wp-json\/wp\/v2\/pages\/28\/revisions\/95"}],"wp:attachment":[{"href":"https:\/\/singdiebibel.ch\/fr\/wp-json\/wp\/v2\/media?parent=28"}],"curies":[{"name":"wp","href":"https:\/\/api.w.org\/{rel}","templated":true}]}}