{"id":126,"date":"2020-08-23T19:59:05","date_gmt":"2020-08-23T19:59:05","guid":{"rendered":"https:\/\/www.singthebible.com\/?page_id=126"},"modified":"2020-08-23T20:01:26","modified_gmt":"2020-08-23T20:01:26","slug":"beginning","status":"publish","type":"page","link":"https:\/\/singdiebibel.ch\/fr\/about\/beginning\/","title":{"rendered":"Comment tout a commenc\u00e9"},"content":{"rendered":"\n<div class=\"wp-block-image\"><figure class=\"alignright size-large\"><img loading=\"lazy\" decoding=\"async\" width=\"230\" height=\"154\" src=\"https:\/\/www.singthebible.com\/wp-content\/uploads\/2020\/08\/csm_STB_5013984_5b65289969.jpg\" alt=\"\" class=\"wp-image-127\"\/><\/figure><\/div>\n\n\n\n<p>Apr\u00e8s sa conversion \u00e0 J\u00e9sus-Christ en 1973, Charles Jann se demandait r\u00e9guli\u00e8rement comment il serait possible de m\u00e9moriser et de garder la Parole de Dieu dans son c\u0153ur. Comment pourrait-il focaliser ses pens\u00e9es sur le Seigneur \u00e0 chaque instant, afin de vivre la vie chr\u00e9tienne tout en exp\u00e9rimentant le Seigneur ressuscit\u00e9 vivant en lui?<\/p>\n\n\n\n<p>Dans les ann\u00e9es quatre-vingt, Charles commen\u00e7a \u00e0 mettre en musique des versets de la Bible et des Psaumes en Fran\u00e7ais. Il y a environ 30 ans, il co-fonda et co-dirigea une \u00e9glise francophone o\u00f9 il servit le Seigneur pendant 22 ans. Apr\u00e8s un s\u00e9jour aux Etats-Unis en qualit\u00e9 de ministre responsable de la musique, il devint libre de se consacrer au d\u00e9sir de son c\u0153ur.<\/p>\n\n\n\n<p>De dimanche en dimanche, Charles rend visite \u00e0 des \u00e9glises \u00e9tablies en Suisse allemande et en Suisse romande ainsi que dans certains pays limitrophes de la Suisse o\u00f9 il compose et chante des versets sur la base du sermon apport\u00e9 pendant le culte. C\u2019est ainsi que le coffret de deux CDs \u00ab 107 Bibelverse \u00bb en Allemand et \u00ab 120 versets de la Bible \u00bb en Fran\u00e7ais ont \u00e9t\u00e9 cr\u00e9\u00e9s.<\/p>\n\n\n\n<p>Les \u00e9l\u00e8ves de musique de Charles ont \u00e9galement contribu\u00e9 \u00e0 r\u00e9pandre la vision \u00ab Chante la Bible \u00bb, conduisant \u00e0 la formation de l\u2019\u00e9quipe \u00ab Chante la Bible \u00bb en mars 2006. Cette \u00e9quipe est compos\u00e9e de Susette, Damaris et Peter, Eliane et Charles, parmi d\u2019autres. Le d\u00e9sir de cr\u00e9er une \u00e9quipe de compositeurs a ainsi \u00e9t\u00e9 r\u00e9alis\u00e9. Leur musique, compos\u00e9e dans des styles vari\u00e9s et en plusieurs langues, peut d\u00e9sormais atteindre un public plus large.<\/p>\n","protected":false},"excerpt":{"rendered":"<p>Apr\u00e8s sa conversion \u00e0 J\u00e9sus-Christ en 1973, Charles Jann se demandait r\u00e9guli\u00e8rement comment il serait possible de m\u00e9moriser et de garder la Parole de Dieu dans son c\u0153ur. Comment pourrait-il focaliser ses pens\u00e9es sur le Seigneur \u00e0 chaque instant, afin de vivre la vie chr\u00e9tienne tout en exp\u00e9rimentant le Seigneur ressuscit\u00e9 vivant en lui? Dans&#8230;  <a class=\"excerpt-read-more\" href=\"https:\/\/singdiebibel.ch\/fr\/about\/beginning\/\" title=\"LireComment tout a commenc\u00e9\">Lire la suite &raquo;<\/a><\/p>\n","protected":false},"author":1,"featured_media":0,"parent":121,"menu_order":36,"comment_status":"closed","ping_status":"closed","template":"","meta":{"footnotes":""},"_links":{"self":[{"href":"https:\/\/singdiebibel.ch\/fr\/wp-json\/wp\/v2\/pages\/126"}],"collection":[{"href":"https:\/\/singdiebibel.ch\/fr\/wp-json\/wp\/v2\/pages"}],"about":[{"href":"https:\/\/singdiebibel.ch\/fr\/wp-json\/wp\/v2\/types\/page"}],"author":[{"embeddable":true,"href":"https:\/\/singdiebibel.ch\/fr\/wp-json\/wp\/v2\/users\/1"}],"replies":[{"embeddable":true,"href":"https:\/\/singdiebibel.ch\/fr\/wp-json\/wp\/v2\/comments?post=126"}],"version-history":[{"count":4,"href":"https:\/\/singdiebibel.ch\/fr\/wp-json\/wp\/v2\/pages\/126\/revisions"}],"predecessor-version":[{"id":139,"href":"https:\/\/singdiebibel.ch\/fr\/wp-json\/wp\/v2\/pages\/126\/revisions\/139"}],"up":[{"embeddable":true,"href":"https:\/\/singdiebibel.ch\/fr\/wp-json\/wp\/v2\/pages\/121"}],"wp:attachment":[{"href":"https:\/\/singdiebibel.ch\/fr\/wp-json\/wp\/v2\/media?parent=126"}],"curies":[{"name":"wp","href":"https:\/\/api.w.org\/{rel}","templated":true}]}}