{"id":12,"date":"2020-08-22T19:12:01","date_gmt":"2020-08-22T19:12:01","guid":{"rendered":"https:\/\/www.singthebible.com\/?page_id=12"},"modified":"2020-08-23T16:05:01","modified_gmt":"2020-08-23T16:05:01","slug":"sing-die-bibel","status":"publish","type":"page","link":"https:\/\/singdiebibel.ch\/fr\/","title":{"rendered":"Chante la Bible"},"content":{"rendered":"\n<p><\/p>\n\n\n\n<div class=\"wp-block-image\"><figure class=\"alignright size-large\"><img loading=\"lazy\" decoding=\"async\" width=\"162\" height=\"244\" src=\"https:\/\/www.singthebible.com\/wp-content\/uploads\/2020\/08\/csm_184025_9121a19f4b-1.jpg\" alt=\"\" class=\"wp-image-14\"\/><\/figure><\/div>\n\n\n\n<p><strong><strong><strong>Notre objectif est de r\u00e9pandre la Parole de Dieu dans toute sa puret\u00e9, sans la modifier, en la mettant en musique. Nous aimerions vous permettre non seulement d\u2019\u00e9couter la Parole et de la chanter, mais \u00e9galement aider cette Parole \u00e0 p\u00e9n\u00e9trer profond\u00e9ment dans votre c\u0153ur. Telle est la signification de \u00abChante la Bible\u00bb.<\/strong><\/strong><\/strong><\/p>\n\n\n\n<p>La musique est un moyen appropri\u00e9 pour communiquer la Parole de Dieu. Il existe un \u00e9ventail tellement large de diff\u00e9rents styles de musique que toute personne peut \u00eatre touch\u00e9e par elle. La musique est un don de Dieu ; il est temps que ce don retourne \u00e0 sa source et soit utilis\u00e9 pour la construction du royaume de Dieu et pour sa gloire. Le d\u00e9sir de notre c\u0153ur est que toute personne partageant ce fardeau puisse nous contacter.<\/p>\n","protected":false},"excerpt":{"rendered":"<p>Notre objectif est de r\u00e9pandre la Parole de Dieu dans toute sa puret\u00e9, sans la modifier, en la mettant en musique. Nous aimerions vous permettre non seulement d\u2019\u00e9couter la Parole et de la chanter, mais \u00e9galement aider cette Parole \u00e0 p\u00e9n\u00e9trer profond\u00e9ment dans votre c\u0153ur. Telle est la signification de \u00abChante la Bible\u00bb. La musique&#8230;  <a class=\"excerpt-read-more\" href=\"https:\/\/singdiebibel.ch\/fr\/\" title=\"LireChante la Bible\">Lire la suite &raquo;<\/a><\/p>\n","protected":false},"author":1,"featured_media":0,"parent":0,"menu_order":0,"comment_status":"closed","ping_status":"closed","template":"","meta":{"footnotes":""},"_links":{"self":[{"href":"https:\/\/singdiebibel.ch\/fr\/wp-json\/wp\/v2\/pages\/12"}],"collection":[{"href":"https:\/\/singdiebibel.ch\/fr\/wp-json\/wp\/v2\/pages"}],"about":[{"href":"https:\/\/singdiebibel.ch\/fr\/wp-json\/wp\/v2\/types\/page"}],"author":[{"embeddable":true,"href":"https:\/\/singdiebibel.ch\/fr\/wp-json\/wp\/v2\/users\/1"}],"replies":[{"embeddable":true,"href":"https:\/\/singdiebibel.ch\/fr\/wp-json\/wp\/v2\/comments?post=12"}],"version-history":[{"count":3,"href":"https:\/\/singdiebibel.ch\/fr\/wp-json\/wp\/v2\/pages\/12\/revisions"}],"predecessor-version":[{"id":19,"href":"https:\/\/singdiebibel.ch\/fr\/wp-json\/wp\/v2\/pages\/12\/revisions\/19"}],"wp:attachment":[{"href":"https:\/\/singdiebibel.ch\/fr\/wp-json\/wp\/v2\/media?parent=12"}],"curies":[{"name":"wp","href":"https:\/\/api.w.org\/{rel}","templated":true}]}}