{"id":107,"date":"2020-08-23T19:47:31","date_gmt":"2020-08-23T19:47:31","guid":{"rendered":"https:\/\/www.singthebible.com\/?page_id=107"},"modified":"2022-09-22T19:39:05","modified_gmt":"2022-09-22T19:39:05","slug":"vision","status":"publish","type":"page","link":"https:\/\/singdiebibel.ch\/fr\/about\/vision\/","title":{"rendered":"Vision"},"content":{"rendered":"<div class=\"wp-block-image\">\n<figure class=\"alignright size-large\"><img loading=\"lazy\" decoding=\"async\" width=\"200\" height=\"134\" src=\"https:\/\/www.singthebible.com\/wp-content\/uploads\/2020\/08\/csm_STB_8112154_01_576676f070.jpg\" alt=\"\" class=\"wp-image-116\"\/><\/figure><\/div>\n\n\n<p>La vision de mettre l\u2019int\u00e9gralit\u00e9 de la Bible en musique, mot \u00e0 mot, a vu le jour en 2002. Cette vision a \u00e9t\u00e9 pouss\u00e9e par le d\u00e9sir de mieux conna\u00eetre la Bible. Le grand d\u00e9fi reste encore et toujours celui d\u2019associer le texte biblique tel quel (m\u00eame quand il ne s\u2019agit pas de po\u00e9sie) avec une composition musicale de qualit\u00e9. La Parole biblique doit \u00eatre communiqu\u00e9e de mani\u00e8re claire, compr\u00e9hensive, sans modification, et doit \u00eatre remplie de l\u2019Esprit de Dieu. La musique est un instrument qui r\u00e9pond bien \u00e0 ces crit\u00e8res.<\/p>\n\n\n\n<h2 class=\"wp-block-heading\"><strong><strong>Le modus operandi<\/strong><\/strong><\/h2>\n\n\n\n<p>Le rythme, l\u2019accent et la cadence de la Parole de Dieu doivent \u00eatre respect\u00e9s. Le rythme, l\u2019accent et la cadence de la musique doivent s\u2019adapter \u00e0 la Parole de Dieu, et non l&rsquo;inverse. La Parole ne doit jamais \u00eatre alt\u00e9r\u00e9e au profit de la musique!<\/p>\n\n\n\n<p>L\u2019ordre de priorit\u00e9 est claire : d\u2019abord la Parole associ\u00e9e \u00e0 l\u2019Esprit, puis la musique. La Parole de Dieu pr\u00e9sent\u00e9e dans la Bible est ma\u00eetre ; l\u2019homme, en qualit\u00e9 de compositeur ou d\u2019interpr\u00e8te, est serviteur. Tout l\u2019honneur revient \u00e0 J\u00e9sus-Christ.<\/p>\n","protected":false},"excerpt":{"rendered":"<p>La vision de mettre l\u2019int\u00e9gralit\u00e9 de la Bible en musique, mot \u00e0 mot, a vu le jour en 2002. Cette vision a \u00e9t\u00e9 pouss\u00e9e par le d\u00e9sir de mieux conna\u00eetre la Bible. Le grand d\u00e9fi reste encore et toujours celui d\u2019associer le texte biblique tel quel (m\u00eame quand il ne s\u2019agit pas de po\u00e9sie) avec&#8230;  <a class=\"excerpt-read-more\" href=\"https:\/\/singdiebibel.ch\/fr\/about\/vision\/\" title=\"LireVision\">Lire la suite &raquo;<\/a><\/p>\n","protected":false},"author":1,"featured_media":0,"parent":121,"menu_order":33,"comment_status":"closed","ping_status":"closed","template":"","meta":{"footnotes":""},"_links":{"self":[{"href":"https:\/\/singdiebibel.ch\/fr\/wp-json\/wp\/v2\/pages\/107"}],"collection":[{"href":"https:\/\/singdiebibel.ch\/fr\/wp-json\/wp\/v2\/pages"}],"about":[{"href":"https:\/\/singdiebibel.ch\/fr\/wp-json\/wp\/v2\/types\/page"}],"author":[{"embeddable":true,"href":"https:\/\/singdiebibel.ch\/fr\/wp-json\/wp\/v2\/users\/1"}],"replies":[{"embeddable":true,"href":"https:\/\/singdiebibel.ch\/fr\/wp-json\/wp\/v2\/comments?post=107"}],"version-history":[{"count":7,"href":"https:\/\/singdiebibel.ch\/fr\/wp-json\/wp\/v2\/pages\/107\/revisions"}],"predecessor-version":[{"id":424,"href":"https:\/\/singdiebibel.ch\/fr\/wp-json\/wp\/v2\/pages\/107\/revisions\/424"}],"up":[{"embeddable":true,"href":"https:\/\/singdiebibel.ch\/fr\/wp-json\/wp\/v2\/pages\/121"}],"wp:attachment":[{"href":"https:\/\/singdiebibel.ch\/fr\/wp-json\/wp\/v2\/media?parent=107"}],"curies":[{"name":"wp","href":"https:\/\/api.w.org\/{rel}","templated":true}]}}