{"id":34,"date":"2020-08-23T15:17:14","date_gmt":"2020-08-23T15:17:14","guid":{"rendered":"https:\/\/www.singthebible.com\/?page_id=34"},"modified":"2020-08-23T16:43:55","modified_gmt":"2020-08-23T16:43:55","slug":"agb","status":"publish","type":"page","link":"https:\/\/singdiebibel.ch\/en\/agb\/","title":{"rendered":"Allgemeine Gesch\u00e4ftsbedingungen STB"},"content":{"rendered":"\n<p><strong>A) Betreiber<\/strong><br>www.singdiebibel.ch ist die Internet-Plattform des STB Verlages. Sitz und Bankverbindung ist einzusehen in der Rubrik Kontakt. Nachfolgend wird der Betreiber STB genannt.<\/p>\n\n\n\n<p><strong>B) Geltungsbereich<\/strong><br>F\u00fcr alle Gesch\u00e4ftsbeziehungen zwischen dem Kunden und STB gelten ausschliesslich diese Allgemeinen Gesch\u00e4ftsbedingungen (AGB) in der zum Zeitpunkt der Bestellung g\u00fcltigen Fassung.<br><br><strong>C) Vertragsabschluss<\/strong><br>Der Vertrag kommt zustande, indem wir Ihre Bestellung per E-Mail best\u00e4tigen. F\u00fcr den Fall, dass ein Lieferant von uns trotz vertraglicher Verpflichtung die bestellte Ware nicht mehr liefert, ist STB zum R\u00fccktritt berechtigt. In diesem Fall wird der Besteller dar\u00fcber informiert, dass das bestellte Produkt nicht zur Verf\u00fcgung steht. Allf\u00e4llige geleistete Zahlungen werden zur\u00fcckerstattet.<br><br><strong>D) Lieferung<\/strong><br>D.1 Die Zustellung erfolgt in der Regel innerhalb von 4-5 Arbeitstagen nach Bestelleingang sofern die Ware an Lager ist.<\/p>\n\n\n\n<p>D.2 Sollten nicht alle Artikel einer Bestellung lieferbar sein, sind wir zu Teillieferungen berechtigt.<br>F\u00fcr den Kunden entstehen dadurch keine Mehrkosten.<\/p>\n\n\n\n<p>D.3 Lieferung ins Ausland werden nur gegen Vorauskasse auf unser Bankkonto get\u00e4tigt.<br><br><strong>E) Versandkosten<\/strong><br>E.1 Unsere Versandkosten richten sich nach den effektiven Kosten f\u00fcr Porto und Verpackung. Bitte sehen Sie in der Rubrik Versandkosten nach.<\/p>\n\n\n\n<p>E.2 F\u00fcr Zusatzleistungen wie Express-Sendungen gelten die aktuellen Tarife der Schweizer Post, welche wir Ihnen zus\u00e4tzlich belasten m\u00fcssen.<\/p>\n\n\n\n<p>E.3 Bei Lieferungen in benachbarte EU-Staaten oder in andere L\u00e4nder der Welt k\u00f6nnen Zollabgaben und Sondertarife anfallen. Diese Geb\u00fchren sind nicht Bestandteil der Versandkosten und m\u00fcssen vom Kunden getragen werden.<\/p>\n\n\n\n<p><strong>F) Widerruf \/ Umtausch<\/strong><br>F.1 Generell gelten Bestellungen bei STB als Festbestellung. Der Kunde hat aber das Recht, innerhalb von 14 Tagen nach Erhalt der Ware ohne Angabe von Gr\u00fcnden vom Vertrag durch die R\u00fccksendung der einwandfreien Ware zur\u00fcckzutreten. Zur Fristwahrung gen\u00fcgt eine rechtzeitige Absendung an folgende Adresse:<\/p>\n\n\n\n<p>STB Verlag<br>Herr Charles Jann<br>Schulhausmatte 5<br>3415 Hasle-R\u00fcegsau<\/p>\n\n\n\n<p>F.2. Ein Widerrufsrecht besteht nicht bei Datentr\u00e4gern wie Audio-CDs.<\/p>\n\n\n\n<p>F.3 R\u00fccksendungen erfolgen zu Lasten des Kunden.<\/p>\n\n\n\n<p>F.4 Liegt ein Mangel des Kaufgegenstandes vor, hat der Kunde Anrecht auf M\u00e4ngelbehebung oder vollwertigen Ersatz. Schl\u00e4gt diese fehl, kann der Kunde vom Vertrag zur\u00fccktreten oder eine Preisminderung geltend machen.<br><br><strong>G) Eigentumsvorbehalt<\/strong><br>Die gelieferte Ware bleibt bis zur vollst\u00e4ndigen Bezahlung Eigentum des STB Verlages.<br><br><strong>H) Zahlungsbedingungen<\/strong><br>H.1 Der Kunde erh\u00e4lt die bestellte Ware gegen Rechnung. Die Zahlungsfrist betr\u00e4gt 30 Tage Netto ab Rechnungsdatum.<\/p>\n\n\n\n<p>H.2 F\u00fcr nicht fristgem\u00e4sse Zahlungseing\u00e4nge ist STB berechtigt kostenpflichtig zu mahnen.<\/p>\n\n\n\n<p>H.3 Vertrags- und Rechnungsw\u00e4hrung ist Schweizer Franken.<br><br><strong>I) Datenschutz<\/strong><br>Alle Ihre pers\u00f6nlichen Daten werden vertraulich behandelt und nicht an Dritte weitergegeben.<\/p>\n\n\n\n<p><strong>J) Haftung<\/strong><br>Unsere Haftung f\u00fcr eigenes Verschulden sowie das unserer gesetzlichen Vertreter und Erf\u00fcllungsgehilfen beschr\u00e4nkt sich auf Vorsatz oder grobe Fahrl\u00e4ssigkeit. STB haftet nicht f\u00fcr Sch\u00e4den, die nicht am Liefergegenstand selbst entstanden sind, und kommt nicht f\u00fcr entgangenen Gewinn oder f\u00fcr sonstige Verm\u00f6genssch\u00e4den des Bestellers auf.<\/p>\n\n\n\n<p><strong>K) Haftungsausschluss<\/strong><br>K.1 Inhalt des Onlineangebotes<br>STB \u00fcbernimmt keinerlei Gew\u00e4hr f\u00fcr die Aktualit\u00e4t, Korrektheit, Vollst\u00e4ndigkeit oder Qualit\u00e4t der bereitgestellten Informationen. Haftungsanspr\u00fcche gegen STB, welche sich auf Sch\u00e4den materieller oder ideeller Art beziehen, die durch die Nutzung oder Nichtnutzung der dargebotenen Informationen bzw. durch die Nutzung fehlerhafter und unvollst\u00e4ndiger Informationen verursacht wurden, sind grunds\u00e4tzlich ausgeschlossen, sofern seitens des Betreibers kein nachweislich vors\u00e4tzliches oder grob fahrl\u00e4ssiges Verschulden vorliegt.<\/p>\n\n\n\n<p>K.2 Rechtswirksamkeit dieses Haftungsausschlusses (Salvatorische Klausel)<br>Dieser Haftungsausschluss ist als Teil des Internetangebotes zu betrachten, von dem aus auf diese Seite verwiesen wurde. Sofern Teile oder einzelne Formulierungen dieses Textes der geltenden Rechtslage nicht, nicht mehr oder nicht vollst\u00e4ndig entsprechen sollten, bleiben die \u00fcbrigen Teile des Dokuments in ihrem Inhalt und ihrer G\u00fcltigkeit davon unber\u00fchrt.<br><br><strong>L) Erf\u00fcllungsort &#038; Gerichtsstand<\/strong><br>Es gilt das Schweizer Recht. Gerichtsstand ist Burgdorf.<\/p>\n","protected":false},"excerpt":{"rendered":"<p>A) Betreiberwww.singdiebibel.ch ist die Internet-Plattform des STB Verlages. Sitz und Bankverbindung ist einzusehen in der Rubrik Kontakt. Nachfolgend wird der Betreiber STB genannt. B) GeltungsbereichF\u00fcr alle Gesch\u00e4ftsbeziehungen zwischen dem Kunden und STB gelten ausschliesslich diese Allgemeinen Gesch\u00e4ftsbedingungen (AGB) in der zum Zeitpunkt der Bestellung g\u00fcltigen Fassung. C) VertragsabschlussDer Vertrag kommt zustande, indem wir Ihre Bestellung&#8230;  <a class=\"excerpt-read-more\" href=\"https:\/\/singdiebibel.ch\/en\/agb\/\" title=\"Read Allgemeine Gesch\u00e4ftsbedingungen STB\">Read more &raquo;<\/a><\/p>\n","protected":false},"author":1,"featured_media":0,"parent":0,"menu_order":120,"comment_status":"closed","ping_status":"closed","template":"","meta":{"footnotes":""},"_links":{"self":[{"href":"https:\/\/singdiebibel.ch\/en\/wp-json\/wp\/v2\/pages\/34"}],"collection":[{"href":"https:\/\/singdiebibel.ch\/en\/wp-json\/wp\/v2\/pages"}],"about":[{"href":"https:\/\/singdiebibel.ch\/en\/wp-json\/wp\/v2\/types\/page"}],"author":[{"embeddable":true,"href":"https:\/\/singdiebibel.ch\/en\/wp-json\/wp\/v2\/users\/1"}],"replies":[{"embeddable":true,"href":"https:\/\/singdiebibel.ch\/en\/wp-json\/wp\/v2\/comments?post=34"}],"version-history":[{"count":3,"href":"https:\/\/singdiebibel.ch\/en\/wp-json\/wp\/v2\/pages\/34\/revisions"}],"predecessor-version":[{"id":94,"href":"https:\/\/singdiebibel.ch\/en\/wp-json\/wp\/v2\/pages\/34\/revisions\/94"}],"wp:attachment":[{"href":"https:\/\/singdiebibel.ch\/en\/wp-json\/wp\/v2\/media?parent=34"}],"curies":[{"name":"wp","href":"https:\/\/api.w.org\/{rel}","templated":true}]}}